{"id":94,"date":"2017-03-06T14:20:39","date_gmt":"2017-03-06T13:20:39","guid":{"rendered":"http:\/\/mlmedizinprodukte.de\/?page_id=94"},"modified":"2017-04-25T13:51:28","modified_gmt":"2017-04-25T11:51:28","slug":"impressum","status":"publish","type":"page","link":"http:\/\/mlmedizinprodukte.de\/?page_id=94","title":{"rendered":"Impressum"},"content":{"rendered":"<p><strong>ml Medizinprodukte GmbH<\/strong><\/p>\n<p>Innovationspark Beckerturm<br \/>\nGeb\u00e4ude A14<br \/>\nKaiserstra\u00dfe 170-174<br \/>\nD-66386 St. Ingbert<\/p>\n<p>Tel.: 06894\/16897-0<br \/>\nFax: 06894\/16897-99<br \/>\nE-Mail: in&#102;&#111;&#x40;&#x6d;&#x6c;&#x6d;ed&#105;&#122;&#x69;&#x6e;&#x70;&#x72;od&#117;&#107;&#116;&#x65;&#x2e;&#x64;&#x65;<\/p>\n<p>Gesch\u00e4ftsf\u00fchrer: Michael Lensch<br \/>\nHRB 102368 Amtsgericht St. Ingbert<br \/>\nUmsatzsteuer-Identifikationsnummer gem. \u00a7 27a UStG: DE 299912497<\/p>\n<p>Inhaltlich Verantwortliche gem\u00e4\u00df \u00a7 55 Abs. 2 RStV:<br \/>\nMichael Lensch<\/p>\n<p><strong>Haftungsausschluss:<\/strong><br \/>\nDie ml Medizinprodukte GmbH \u00fcbernimmt keinerlei Gew\u00e4hr f\u00fcr die Aktualit\u00e4t, Korrektheit, Vollst\u00e4ndigkeit und Qualit\u00e4t der bereitgestellten Informationen. Haftungsanspr\u00fcche durch die Nutzung des Internetauftritts sind grunds\u00e4tzlich ausgeschlossen, sofern von Seiten der ml Medizinprodukte GmbH kein nachweislich vors\u00e4tzliches oder grob fahrl\u00e4ssiges Verschulden vorliegt. Dem Umfang nach ist die Haftung, soweit gesetzlich zul\u00e4ssig, auf vorhersehbare Sch\u00e4den beschr\u00e4nkt.<br \/>\nDieser Haftungsausschluss ist als Teil des Internetangebotes zu betrachten. Sofern Teile oder Formulierungen dieses Textes der geltenden Rechtslage nicht oder nicht vollst\u00e4ndig entsprechen sollten, werden diese durch Regelungen ersetzt, die dem Gewollten des Anbieters am N\u00e4chsten kommen. Die \u00fcbrigen Teile des Dokumentes bleiben in ihrem Inhalt und ihrer G\u00fcltigkeit davon unber\u00fchrt.<\/p>\n<p>Diese Webseite enth\u00e4lt sog. \u201eexterne Links\u201c (Verlinkungen) zu anderen Webseiten, auf deren Inhalt ml Medizinprodukte GmbH keinen Einfluss hat. Aus diesem Grund kann<br \/>\nml Medizinprodukte GmbH f\u00fcr diese Inhalte auch keine Gew\u00e4hr \u00fcbernehmen.<br \/>\nF\u00fcr die Inhalte und Richtigkeit der bereitgestellten Informationen ist der jeweilige Anbieter der verlinkten Webseite verantwortlich. Zum Zeitpunkt der Verlinkung waren keine Rechtsverst\u00f6\u00dfe erkennbar. Bei Bekanntwerden einer solchen Rechtsverletzung wird der Link umgehend entfernen.<\/p>\n<p><strong>Urheberrecht und Bildnachweise:<\/strong><br \/>\nDie Inhalte von www.mlmedizinprodukte.de sind \u2013 soweit nicht abweichend angegeben \u2013 urheberrechtlich gesch\u00fctzt.<br \/>\nAlle innerhalb des Internetangebotes genannten und ggf. durch Dritte gesch\u00fctzten Marken- und Warenzeichen unterliegen uneingeschr\u00e4nkt den Bestimmungen des jeweils g\u00fcltigen Kennzeichenrechts und den Besitzrechten der jeweiligen eingetragenen Eigent\u00fcmer.<br \/>\nDie Verwendung von Fotografien auf Drittseiten ist nur im Rahmen der jeweiligen Lizenz der Urheber m\u00f6glich.<\/p>\n","protected":false},"excerpt":{"rendered":"<p>ml Medizinprodukte GmbH Innovationspark Beckerturm Geb\u00e4ude A14 Kaiserstra\u00dfe 170-174 D-66386 St. Ingbert Tel.: 06894\/16897-0 Fax: 06894\/16897-99 E-Mail: &#x69;n&#x66;&#111;&#x40;&#x6d;l&#x6d;&#101;&#x64;&#x69;z&#x69;&#110;&#x70;&#x72;o&#x64;&#117;&#x6b;&#x74;e&#x2e;&#100;&#x65; Gesch\u00e4ftsf\u00fchrer: Michael Lensch HRB 102368 Amtsgericht St. Ingbert Umsatzsteuer-Identifikationsnummer gem. \u00a7 27a UStG: DE 299912497 Inhaltlich Verantwortliche gem\u00e4\u00df \u00a7 55 Abs. 2 RStV: Michael Lensch Haftungsausschluss: Die ml Medizinprodukte GmbH \u00fcbernimmt keinerlei&hellip;<\/p>\n<p class=\"more-link-wrapper\"><a class=\"more-link\" href=\"http:\/\/mlmedizinprodukte.de\/?page_id=94\">Continue<\/a><\/p>\n","protected":false},"author":1,"featured_media":0,"parent":0,"menu_order":0,"comment_status":"closed","ping_status":"closed","template":"","meta":{"ngg_post_thumbnail":0,"jetpack_post_was_ever_published":false},"jetpack_sharing_enabled":true,"jetpack_shortlink":"https:\/\/wp.me\/P8E3Ln-1w","jetpack-related-posts":[{"id":96,"url":"http:\/\/mlmedizinprodukte.de\/?page_id=96","url_meta":{"origin":94,"position":0},"title":"Datenschutzerkl\u00e4rung","date":"6. M\u00e4rz 2017","format":false,"excerpt":"Datenschutzerkl\u00e4rung der ml Medizinprodukte GmbH 1.\u00a0Datenerhebung und Verwendung personenbezogener Daten Die Nutzung unserer Webseite ist in der Regel ohne Angabe personenbezogener Daten m\u00f6glich. Soweit auf unseren Seiten personenbezogene Daten (beispielsweise Name, Anschrift oder E-Mail-Adressen) erhoben werden, erfolgt dies, soweit m\u00f6glich, stets auf freiwilliger Basis. Diese Daten werden ohne Ihre ausdr\u00fcckliche\u2026","rel":"","context":"\u00c4hnlicher Beitrag","img":{"alt_text":"","src":"","width":0,"height":0},"classes":[]},{"id":13,"url":"http:\/\/mlmedizinprodukte.de\/","url_meta":{"origin":94,"position":1},"title":"\u00dcber uns","date":"4. Januar 2017","format":false,"excerpt":"ml Medizinprodukte GmbH Epidermolysis Bullosa (EB) ist eine seltene, unheilbare dermatologische Erbkrankheit, bei der die mechanische Verbindung zwischen den unterschiedlichen Hautschichten unzureichend ausgebildet ist. Schmetterlingskinder nennt man die Betroffenen, denn ihre Haut ist so zart und verletzlich wie ein Schmetterlingsfl\u00fcgel. Bundesweit sind wir spezieller Ansprechpartner f\u00fcr EB-Betroffene und deren Familien.\u2026","rel":"","context":"\u00c4hnlicher Beitrag","img":{"alt_text":"","src":"https:\/\/i0.wp.com\/mlmedizinprodukte.de\/wp-content\/uploads\/2017\/01\/ml_Team.jpg?resize=350%2C200","width":350,"height":200},"classes":[]},{"id":90,"url":"http:\/\/mlmedizinprodukte.de\/?page_id=90","url_meta":{"origin":94,"position":2},"title":"AGB","date":"6. M\u00e4rz 2017","format":false,"excerpt":"Allgemeine Gesch\u00e4ftsbedingungen der ml Medizinprodukte GmbH I. Geltungsbereich Die Lieferungen, Leistungen und Angebote der ml Medizinprodukte GmbH (im folgenden als Auftragnehmer bezeichnet) erfolgen ausschlie\u00dflich aufgrund dieser Gesch\u00e4ftsbedingungen. Diese gelten auch f\u00fcr alle zuk\u00fcnftigen Gesch\u00e4ftsbeziehungen, auch wenn sie nicht nochmals ausdr\u00fccklich vereinbart werden. Abweichende Regelungen bed\u00fcrfen der Schriftform. II. Angebote, Vertragsabschluss,\u2026","rel":"","context":"\u00c4hnlicher Beitrag","img":{"alt_text":"","src":"","width":0,"height":0},"classes":[]},{"id":83,"url":"http:\/\/mlmedizinprodukte.de\/?page_id=83","url_meta":{"origin":94,"position":3},"title":"Epidermolysis Bullosa","date":"6. M\u00e4rz 2017","format":false,"excerpt":"Die sehr seltene Erbkrankheit Epidermolysis Bullosa (EB) umfasst eine Reihe verschiedener Formen, die alle spezifische genetische Vererbungsmuster aufweisen. Das Wort EB l\u00e4sst sich vereinfacht ausdr\u00fccken: \"Genetisch bedingte Hauterkrankung, bei der minimale Traumata zu einer Blasenbildung der Haut\/Schleimhaut f\u00fchren k\u00f6nnen\" Umgangssprachlich ist hier die Rede von den Schmetterlingskindern, weil ihre Haut\u2026","rel":"","context":"\u00c4hnlicher Beitrag","img":{"alt_text":"","src":"","width":0,"height":0},"classes":[]},{"id":15,"url":"http:\/\/mlmedizinprodukte.de\/?page_id=15","url_meta":{"origin":94,"position":4},"title":"Leistungen\/Ziele","date":"4. Januar 2017","format":false,"excerpt":"Bundesweit sind wir spezieller Ansprechpartner f\u00fcr EB Betroffene und deren Familien. Wir bieten Ihnen: Pers\u00f6nliche Unterst\u00fctzung bei Antr\u00e4gen, Beratung bei der Wundversorgung und Ern\u00e4hrung Unterst\u00fctzende Aufkl\u00e4rung im Umfeld: Kindergarten, Schule, Ausbildung Aufbau eines ortsnahen Netzwerkes f\u00fcr die medizinische Versorgung Informationen und Kenntnisse \u00fcber die aktive Hilfe, sowie das Wissen um\u2026","rel":"","context":"\u00c4hnlicher Beitrag","img":{"alt_text":"","src":"","width":0,"height":0},"classes":[]},{"id":19,"url":"http:\/\/mlmedizinprodukte.de\/?page_id=19","url_meta":{"origin":94,"position":5},"title":"Wundversorgung","date":"4. Januar 2017","format":false,"excerpt":"Bei der Vielseitigkeit der Wundversorgung bei Patienten mit Epidermolysis bullosa kann man schnell den \u00dcberblick verlieren. Durch st\u00e4ndige Fortbildungen und die Zusammenarbeit mit Herstellern k\u00f6nnen wir Sie kompetent beraten und Ihnen zur Seite stehen. Hier finden Sie einige wichtige Tipps und Tricks in der Wundversorgung bei EB-Patienten. Zuschnitt- und Anwendungsbeispiele\u2026","rel":"","context":"\u00c4hnlicher Beitrag","img":{"alt_text":"","src":"","width":0,"height":0},"classes":[]}],"_links":{"self":[{"href":"http:\/\/mlmedizinprodukte.de\/index.php?rest_route=\/wp\/v2\/pages\/94"}],"collection":[{"href":"http:\/\/mlmedizinprodukte.de\/index.php?rest_route=\/wp\/v2\/pages"}],"about":[{"href":"http:\/\/mlmedizinprodukte.de\/index.php?rest_route=\/wp\/v2\/types\/page"}],"author":[{"embeddable":true,"href":"http:\/\/mlmedizinprodukte.de\/index.php?rest_route=\/wp\/v2\/users\/1"}],"replies":[{"embeddable":true,"href":"http:\/\/mlmedizinprodukte.de\/index.php?rest_route=%2Fwp%2Fv2%2Fcomments&post=94"}],"version-history":[{"count":2,"href":"http:\/\/mlmedizinprodukte.de\/index.php?rest_route=\/wp\/v2\/pages\/94\/revisions"}],"predecessor-version":[{"id":148,"href":"http:\/\/mlmedizinprodukte.de\/index.php?rest_route=\/wp\/v2\/pages\/94\/revisions\/148"}],"wp:attachment":[{"href":"http:\/\/mlmedizinprodukte.de\/index.php?rest_route=%2Fwp%2Fv2%2Fmedia&parent=94"}],"curies":[{"name":"wp","href":"https:\/\/api.w.org\/{rel}","templated":true}]}}