{"id":83,"date":"2017-03-06T14:02:20","date_gmt":"2017-03-06T13:02:20","guid":{"rendered":"http:\/\/mlmedizinprodukte.de\/?page_id=83"},"modified":"2017-04-25T13:48:45","modified_gmt":"2017-04-25T11:48:45","slug":"epidermolysis-bullosa","status":"publish","type":"page","link":"http:\/\/mlmedizinprodukte.de\/?page_id=83","title":{"rendered":"Epidermolysis Bullosa"},"content":{"rendered":"<p>Die sehr seltene Erbkrankheit <strong>Epidermolysis Bullosa (EB)<\/strong> umfasst eine Reihe verschiedener Formen, die alle spezifische genetische Vererbungsmuster aufweisen.<br \/>\nDas Wort EB l\u00e4sst sich vereinfacht ausdr\u00fccken:<br \/>\n&#8222;Genetisch bedingte Hauterkrankung, bei der minimale Traumata zu einer Blasenbildung der Haut\/Schleimhaut f\u00fchren k\u00f6nnen&#8220;<br \/>\nUmgangssprachlich ist hier die Rede von den <strong>Schmetterlingskindern<\/strong>, weil ihre Haut verletzlich ist wie ein Schmetterlingsfl\u00fcgel.<\/p>\n<p>Die Beachtung der einzelnen Formen ist jedoch \u00e4u\u00dferst wichtig, da immer jeweilige Unterschiede bez\u00fcglich der Erblichkeit, des Schweregrades und des Verlaufs der Epidermolysis bestehen. Die Klassifizierung der Typen erfordert die individuelle Anpassung des Behandlungsansatzes sowie der Versorgung der Haut und Schleimhaut.<br \/>\nDiese <a href=\"http:\/\/mlmedizinprodukte.de\/wp-content\/uploads\/2017\/01\/Epidermolysisbullosa.pdf\">Informationen<\/a> sind ein kleiner \u00dcberblick.<\/p>\n<p>Gerne stehen wir Ihnen bei Fragen zur Verf\u00fcgung.<\/p>\n","protected":false},"excerpt":{"rendered":"<p>Die sehr seltene Erbkrankheit Epidermolysis Bullosa (EB) umfasst eine Reihe verschiedener Formen, die alle spezifische genetische Vererbungsmuster aufweisen. Das Wort EB l\u00e4sst sich vereinfacht ausdr\u00fccken: &#8222;Genetisch bedingte Hauterkrankung, bei der minimale Traumata zu einer Blasenbildung der Haut\/Schleimhaut f\u00fchren k\u00f6nnen&#8220; Umgangssprachlich ist hier die Rede von den Schmetterlingskindern, weil ihre Haut&hellip;<\/p>\n<p class=\"more-link-wrapper\"><a class=\"more-link\" href=\"http:\/\/mlmedizinprodukte.de\/?page_id=83\">Continue<\/a><\/p>\n","protected":false},"author":1,"featured_media":0,"parent":0,"menu_order":0,"comment_status":"closed","ping_status":"closed","template":"","meta":{"ngg_post_thumbnail":0,"jetpack_post_was_ever_published":false},"jetpack_sharing_enabled":true,"jetpack_shortlink":"https:\/\/wp.me\/P8E3Ln-1l","jetpack-related-posts":[{"id":13,"url":"http:\/\/mlmedizinprodukte.de\/","url_meta":{"origin":83,"position":0},"title":"\u00dcber uns","date":"4. Januar 2017","format":false,"excerpt":"ml Medizinprodukte GmbH Epidermolysis Bullosa (EB) ist eine seltene, unheilbare dermatologische Erbkrankheit, bei der die mechanische Verbindung zwischen den unterschiedlichen Hautschichten unzureichend ausgebildet ist. Schmetterlingskinder nennt man die Betroffenen, denn ihre Haut ist so zart und verletzlich wie ein Schmetterlingsfl\u00fcgel. Bundesweit sind wir spezieller Ansprechpartner f\u00fcr EB-Betroffene und deren Familien.\u2026","rel":"","context":"\u00c4hnlicher Beitrag","img":{"alt_text":"","src":"https:\/\/i0.wp.com\/mlmedizinprodukte.de\/wp-content\/uploads\/2017\/01\/ml_Team.jpg?resize=350%2C200","width":350,"height":200},"classes":[]},{"id":19,"url":"http:\/\/mlmedizinprodukte.de\/?page_id=19","url_meta":{"origin":83,"position":1},"title":"Wundversorgung","date":"4. Januar 2017","format":false,"excerpt":"Bei der Vielseitigkeit der Wundversorgung bei Patienten mit Epidermolysis bullosa kann man schnell den \u00dcberblick verlieren. Durch st\u00e4ndige Fortbildungen und die Zusammenarbeit mit Herstellern k\u00f6nnen wir Sie kompetent beraten und Ihnen zur Seite stehen. Hier finden Sie einige wichtige Tipps und Tricks in der Wundversorgung bei EB-Patienten. Zuschnitt- und Anwendungsbeispiele\u2026","rel":"","context":"\u00c4hnlicher Beitrag","img":{"alt_text":"","src":"","width":0,"height":0},"classes":[]},{"id":24,"url":"http:\/\/mlmedizinprodukte.de\/?page_id=24","url_meta":{"origin":83,"position":2},"title":"Links","date":"4. Januar 2017","format":false,"excerpt":"Hier finden Sie von uns zusammengetragene Links zu Webseiten zum Thema Epidermolysis Bullosa (Selbsthilfegruppen, Blogs, Netzwerke, Hersteller von Wundversorgungsprodukten usw.). Selbsthilfegruppen, Blogs, Netzwerke usw.: http:\/\/schmetterlingsleben.wixsite.com\/schmetterlingsleben Der Blog von Julia Cieplik http:\/\/www.achse-online.de\/ ACHSE e.V. - Allianz Chronischer Seltener Erkrankungen Netzwerk von Patientenorganisationen von Kindern und Erwachsenen Betroffenen mit (chronischen) Seltenen Erkrankungen\u2026","rel":"","context":"\u00c4hnlicher Beitrag","img":{"alt_text":"","src":"","width":0,"height":0},"classes":[]},{"id":90,"url":"http:\/\/mlmedizinprodukte.de\/?page_id=90","url_meta":{"origin":83,"position":3},"title":"AGB","date":"6. M\u00e4rz 2017","format":false,"excerpt":"Allgemeine Gesch\u00e4ftsbedingungen der ml Medizinprodukte GmbH I. Geltungsbereich Die Lieferungen, Leistungen und Angebote der ml Medizinprodukte GmbH (im folgenden als Auftragnehmer bezeichnet) erfolgen ausschlie\u00dflich aufgrund dieser Gesch\u00e4ftsbedingungen. Diese gelten auch f\u00fcr alle zuk\u00fcnftigen Gesch\u00e4ftsbeziehungen, auch wenn sie nicht nochmals ausdr\u00fccklich vereinbart werden. Abweichende Regelungen bed\u00fcrfen der Schriftform. II. Angebote, Vertragsabschluss,\u2026","rel":"","context":"\u00c4hnlicher Beitrag","img":{"alt_text":"","src":"","width":0,"height":0},"classes":[]},{"id":15,"url":"http:\/\/mlmedizinprodukte.de\/?page_id=15","url_meta":{"origin":83,"position":4},"title":"Leistungen\/Ziele","date":"4. Januar 2017","format":false,"excerpt":"Bundesweit sind wir spezieller Ansprechpartner f\u00fcr EB Betroffene und deren Familien. Wir bieten Ihnen: Pers\u00f6nliche Unterst\u00fctzung bei Antr\u00e4gen, Beratung bei der Wundversorgung und Ern\u00e4hrung Unterst\u00fctzende Aufkl\u00e4rung im Umfeld: Kindergarten, Schule, Ausbildung Aufbau eines ortsnahen Netzwerkes f\u00fcr die medizinische Versorgung Informationen und Kenntnisse \u00fcber die aktive Hilfe, sowie das Wissen um\u2026","rel":"","context":"\u00c4hnlicher Beitrag","img":{"alt_text":"","src":"","width":0,"height":0},"classes":[]},{"id":94,"url":"http:\/\/mlmedizinprodukte.de\/?page_id=94","url_meta":{"origin":83,"position":5},"title":"Impressum","date":"6. M\u00e4rz 2017","format":false,"excerpt":"ml Medizinprodukte GmbH Innovationspark Beckerturm Geb\u00e4ude A14 Kaiserstra\u00dfe 170-174 D-66386 St. Ingbert Tel.: 06894\/16897-0 Fax: 06894\/16897-99 E-Mail: info@mlmedizinprodukte.de Gesch\u00e4ftsf\u00fchrer: Michael Lensch HRB 102368 Amtsgericht St. Ingbert Umsatzsteuer-Identifikationsnummer gem. \u00a7 27a UStG: DE 299912497 Inhaltlich Verantwortliche gem\u00e4\u00df \u00a7 55 Abs. 2 RStV: Michael Lensch Haftungsausschluss: Die ml Medizinprodukte GmbH \u00fcbernimmt keinerlei\u2026","rel":"","context":"\u00c4hnlicher Beitrag","img":{"alt_text":"","src":"","width":0,"height":0},"classes":[]}],"_links":{"self":[{"href":"http:\/\/mlmedizinprodukte.de\/index.php?rest_route=\/wp\/v2\/pages\/83"}],"collection":[{"href":"http:\/\/mlmedizinprodukte.de\/index.php?rest_route=\/wp\/v2\/pages"}],"about":[{"href":"http:\/\/mlmedizinprodukte.de\/index.php?rest_route=\/wp\/v2\/types\/page"}],"author":[{"embeddable":true,"href":"http:\/\/mlmedizinprodukte.de\/index.php?rest_route=\/wp\/v2\/users\/1"}],"replies":[{"embeddable":true,"href":"http:\/\/mlmedizinprodukte.de\/index.php?rest_route=%2Fwp%2Fv2%2Fcomments&post=83"}],"version-history":[{"count":4,"href":"http:\/\/mlmedizinprodukte.de\/index.php?rest_route=\/wp\/v2\/pages\/83\/revisions"}],"predecessor-version":[{"id":175,"href":"http:\/\/mlmedizinprodukte.de\/index.php?rest_route=\/wp\/v2\/pages\/83\/revisions\/175"}],"wp:attachment":[{"href":"http:\/\/mlmedizinprodukte.de\/index.php?rest_route=%2Fwp%2Fv2%2Fmedia&parent=83"}],"curies":[{"name":"wp","href":"https:\/\/api.w.org\/{rel}","templated":true}]}}