{"id":24,"date":"2017-01-04T14:21:31","date_gmt":"2017-01-04T13:21:31","guid":{"rendered":"http:\/\/mlmedizinprodukte.de\/?page_id=24"},"modified":"2017-04-25T13:53:13","modified_gmt":"2017-04-25T11:53:13","slug":"links","status":"publish","type":"page","link":"http:\/\/mlmedizinprodukte.de\/?page_id=24","title":{"rendered":"Links"},"content":{"rendered":"<p class=\"media-text\">Hier finden Sie von uns zusammengetragene Links zu Webseiten zum Thema Epidermolysis Bullosa (Selbsthilfegruppen, Blogs, Netzwerke, Hersteller von Wundversorgungsprodukten usw.).<\/p>\n<p><strong>Selbsthilfegruppen, Blogs, Netzwerke usw.:<\/strong><\/p>\n<p><a href=\"http:\/\/schmetterlingsleben.wixsite.com\/schmetterlingsleben\">http:\/\/schmetterlingsleben.wixsite.com\/schmetterlingsleben<\/a><br \/>\nDer Blog von Julia Cieplik<\/p>\n<p><a href=\"http:\/\/www.achse-online.de\/\">http:\/\/www.achse-online.de\/<\/a><br \/>\nACHSE e.V. &#8211; Allianz Chronischer Seltener Erkrankungen<br \/>\nNetzwerk von Patientenorganisationen von Kindern und Erwachsenen Betroffenen<br \/>\nmit (chronischen) Seltenen Erkrankungen und ihren Angeh\u00f6rigen<\/p>\n<p><a href=\"http:\/\/http:\/\/www.debra-austria.org\/\"><img data-attachment-id=\"129\" data-permalink=\"http:\/\/mlmedizinprodukte.de\/?attachment_id=129\" data-orig-file=\"https:\/\/i0.wp.com\/mlmedizinprodukte.de\/wp-content\/uploads\/2017\/01\/DEBRA_Austria_Logo.jpg?fit=240%2C158\" data-orig-size=\"240,158\" data-comments-opened=\"0\" data-image-meta=\"{&quot;aperture&quot;:&quot;0&quot;,&quot;credit&quot;:&quot;&quot;,&quot;camera&quot;:&quot;&quot;,&quot;caption&quot;:&quot;&quot;,&quot;created_timestamp&quot;:&quot;0&quot;,&quot;copyright&quot;:&quot;&quot;,&quot;focal_length&quot;:&quot;0&quot;,&quot;iso&quot;:&quot;0&quot;,&quot;shutter_speed&quot;:&quot;0&quot;,&quot;title&quot;:&quot;&quot;,&quot;orientation&quot;:&quot;0&quot;}\" data-image-title=\"debra_austria_logo\" data-image-description=\"\" data-image-caption=\"\" data-medium-file=\"https:\/\/i0.wp.com\/mlmedizinprodukte.de\/wp-content\/uploads\/2017\/01\/DEBRA_Austria_Logo.jpg?fit=240%2C158\" data-large-file=\"https:\/\/i0.wp.com\/mlmedizinprodukte.de\/wp-content\/uploads\/2017\/01\/DEBRA_Austria_Logo.jpg?fit=240%2C158\" decoding=\"async\" loading=\"lazy\" class=\"alignnone wp-image-129\" src=\"https:\/\/i0.wp.com\/mlmedizinprodukte.de\/wp-content\/uploads\/2017\/01\/DEBRA_Austria_Logo.jpg?resize=150%2C99\" alt=\"debra_austria_logo\" height=\"99\" width=\"150\"  data-recalc-dims=\"1\"><\/a><br \/>\n<a href=\"http:\/\/www.debra-austria.org\/\">http:\/\/www.debra-austria.org\/<\/a><br \/>\nDystrophic epidermolysis bullosa research association<br \/>\nDebra \u00d6sterreich &#8211; Selbsthilfeorganisation<\/p>\n<p><a href=\"http:\/\/www.eb-haus.org\"><img data-attachment-id=\"131\" data-permalink=\"http:\/\/mlmedizinprodukte.de\/?attachment_id=131\" data-orig-file=\"https:\/\/i0.wp.com\/mlmedizinprodukte.de\/wp-content\/uploads\/2017\/01\/EBHaus_Logo.jpg?fit=240%2C114\" data-orig-size=\"240,114\" data-comments-opened=\"0\" data-image-meta=\"{&quot;aperture&quot;:&quot;0&quot;,&quot;credit&quot;:&quot;&quot;,&quot;camera&quot;:&quot;&quot;,&quot;caption&quot;:&quot;&quot;,&quot;created_timestamp&quot;:&quot;0&quot;,&quot;copyright&quot;:&quot;&quot;,&quot;focal_length&quot;:&quot;0&quot;,&quot;iso&quot;:&quot;0&quot;,&quot;shutter_speed&quot;:&quot;0&quot;,&quot;title&quot;:&quot;&quot;,&quot;orientation&quot;:&quot;0&quot;}\" data-image-title=\"ebhaus_logo\" data-image-description=\"\" data-image-caption=\"\" data-medium-file=\"https:\/\/i0.wp.com\/mlmedizinprodukte.de\/wp-content\/uploads\/2017\/01\/EBHaus_Logo.jpg?fit=240%2C114\" data-large-file=\"https:\/\/i0.wp.com\/mlmedizinprodukte.de\/wp-content\/uploads\/2017\/01\/EBHaus_Logo.jpg?fit=240%2C114\" decoding=\"async\" loading=\"lazy\" class=\"alignnone wp-image-131\" src=\"https:\/\/i0.wp.com\/mlmedizinprodukte.de\/wp-content\/uploads\/2017\/01\/EBHaus_Logo.jpg?resize=150%2C71\" alt=\"ebhaus_logo\" height=\"71\" width=\"150\"  data-recalc-dims=\"1\"><\/a><br \/>\n<a href=\"http:\/\/www.eb-haus.org\">www.eb-haus.org<\/a><br \/>\nim Salzburger Universit\u00e4tsklinikum, bestehend aus<br \/>\n3 Einheiten: EB-Ambulanz, EB-Forschung, EB-Akademie<\/p>\n<p><a href=\"http:\/\/www.eb-clinet.org \"><img data-attachment-id=\"130\" data-permalink=\"http:\/\/mlmedizinprodukte.de\/?attachment_id=130\" data-orig-file=\"https:\/\/i0.wp.com\/mlmedizinprodukte.de\/wp-content\/uploads\/2017\/01\/eb_clinet_Logo.jpg?fit=240%2C107\" data-orig-size=\"240,107\" data-comments-opened=\"0\" data-image-meta=\"{&quot;aperture&quot;:&quot;0&quot;,&quot;credit&quot;:&quot;&quot;,&quot;camera&quot;:&quot;&quot;,&quot;caption&quot;:&quot;&quot;,&quot;created_timestamp&quot;:&quot;0&quot;,&quot;copyright&quot;:&quot;&quot;,&quot;focal_length&quot;:&quot;0&quot;,&quot;iso&quot;:&quot;0&quot;,&quot;shutter_speed&quot;:&quot;0&quot;,&quot;title&quot;:&quot;&quot;,&quot;orientation&quot;:&quot;0&quot;}\" data-image-title=\"eb_clinet_logo\" data-image-description=\"\" data-image-caption=\"\" data-medium-file=\"https:\/\/i0.wp.com\/mlmedizinprodukte.de\/wp-content\/uploads\/2017\/01\/eb_clinet_Logo.jpg?fit=240%2C107\" data-large-file=\"https:\/\/i0.wp.com\/mlmedizinprodukte.de\/wp-content\/uploads\/2017\/01\/eb_clinet_Logo.jpg?fit=240%2C107\" decoding=\"async\" loading=\"lazy\" class=\"alignnone wp-image-130\" src=\"https:\/\/i0.wp.com\/mlmedizinprodukte.de\/wp-content\/uploads\/2017\/01\/eb_clinet_Logo.jpg?resize=150%2C67\" alt=\"eb_clinet_logo\" height=\"67\" width=\"150\"  data-recalc-dims=\"1\"><\/a><br \/>\n<a href=\"http:\/\/www.eb-clinet.org\">www.eb-clinet.org<\/a><br \/>\nclinical network of EB centres and experts worldwide<\/p>\n<p><a href=\"http:\/\/bvkm.de\/recht-ratgeber\/\">http:\/\/bvkm.de\/recht-ratgeber\/<\/a><br \/>\nBundesverband f\u00fcr k\u00f6rper- und mehrfach behinderte Menschen e.V.<br \/>\nPraktische Hilfe in Rechtsfragen<\/p>\n<p>&nbsp;<\/p>\n<p><strong>Hersteller von Wundversorgungsprodukten:<\/strong><\/p>\n<p><a href=\"http:\/\/www.curea-medical.de\/home\/\"><img data-attachment-id=\"133\" data-permalink=\"http:\/\/mlmedizinprodukte.de\/?attachment_id=133\" data-orig-file=\"https:\/\/i0.wp.com\/mlmedizinprodukte.de\/wp-content\/uploads\/2017\/01\/Logo_CureaMedical.jpg?fit=227%2C87\" data-orig-size=\"227,87\" data-comments-opened=\"0\" data-image-meta=\"{&quot;aperture&quot;:&quot;0&quot;,&quot;credit&quot;:&quot;&quot;,&quot;camera&quot;:&quot;&quot;,&quot;caption&quot;:&quot;&quot;,&quot;created_timestamp&quot;:&quot;0&quot;,&quot;copyright&quot;:&quot;&quot;,&quot;focal_length&quot;:&quot;0&quot;,&quot;iso&quot;:&quot;0&quot;,&quot;shutter_speed&quot;:&quot;0&quot;,&quot;title&quot;:&quot;&quot;,&quot;orientation&quot;:&quot;1&quot;}\" data-image-title=\"logo_cureamedical\" data-image-description=\"\" data-image-caption=\"\" data-medium-file=\"https:\/\/i0.wp.com\/mlmedizinprodukte.de\/wp-content\/uploads\/2017\/01\/Logo_CureaMedical.jpg?fit=227%2C87\" data-large-file=\"https:\/\/i0.wp.com\/mlmedizinprodukte.de\/wp-content\/uploads\/2017\/01\/Logo_CureaMedical.jpg?fit=227%2C87\" decoding=\"async\" loading=\"lazy\" class=\"alignnone wp-image-133\" src=\"https:\/\/i0.wp.com\/mlmedizinprodukte.de\/wp-content\/uploads\/2017\/01\/Logo_CureaMedical.jpg?resize=150%2C57\" alt=\"logo_cureamedical\" height=\"57\" width=\"150\"  data-recalc-dims=\"1\"><\/a><br \/>\n<a href=\"http:\/\/www.curea-medical.de\/home\/\">http:\/\/www.curea-medical.de\/home\/<\/a><\/p>\n<p><a href=\"http:\/\/www.crawfordhealthcare.de\/\"><img data-attachment-id=\"127\" data-permalink=\"http:\/\/mlmedizinprodukte.de\/?attachment_id=127\" data-orig-file=\"https:\/\/i0.wp.com\/mlmedizinprodukte.de\/wp-content\/uploads\/2017\/01\/Crawford_Logo.jpg?fit=240%2C114\" data-orig-size=\"240,114\" data-comments-opened=\"0\" data-image-meta=\"{&quot;aperture&quot;:&quot;0&quot;,&quot;credit&quot;:&quot;&quot;,&quot;camera&quot;:&quot;&quot;,&quot;caption&quot;:&quot;&quot;,&quot;created_timestamp&quot;:&quot;0&quot;,&quot;copyright&quot;:&quot;&quot;,&quot;focal_length&quot;:&quot;0&quot;,&quot;iso&quot;:&quot;0&quot;,&quot;shutter_speed&quot;:&quot;0&quot;,&quot;title&quot;:&quot;&quot;,&quot;orientation&quot;:&quot;0&quot;}\" data-image-title=\"crawford_logo\" data-image-description=\"\" data-image-caption=\"\" data-medium-file=\"https:\/\/i0.wp.com\/mlmedizinprodukte.de\/wp-content\/uploads\/2017\/01\/Crawford_Logo.jpg?fit=240%2C114\" data-large-file=\"https:\/\/i0.wp.com\/mlmedizinprodukte.de\/wp-content\/uploads\/2017\/01\/Crawford_Logo.jpg?fit=240%2C114\" decoding=\"async\" loading=\"lazy\" class=\"alignnone wp-image-127\" src=\"https:\/\/i0.wp.com\/mlmedizinprodukte.de\/wp-content\/uploads\/2017\/01\/Crawford_Logo.jpg?resize=150%2C71\" alt=\"crawford_logo\" height=\"71\" width=\"150\"  data-recalc-dims=\"1\"><\/a><br \/>\n<a href=\"http:\/\/www.crawfordhealthcare.de\/\">http:\/\/www.crawfordhealthcare.de\/<\/a><\/p>\n<p><a href=\"https:\/\/www.hartmann.info\/de-DE\"><img data-attachment-id=\"132\" data-permalink=\"http:\/\/mlmedizinprodukte.de\/?attachment_id=132\" data-orig-file=\"https:\/\/i0.wp.com\/mlmedizinprodukte.de\/wp-content\/uploads\/2017\/01\/HM_3D.jpg?fit=274%2C141\" data-orig-size=\"274,141\" data-comments-opened=\"0\" data-image-meta=\"{&quot;aperture&quot;:&quot;0&quot;,&quot;credit&quot;:&quot;&quot;,&quot;camera&quot;:&quot;&quot;,&quot;caption&quot;:&quot;&quot;,&quot;created_timestamp&quot;:&quot;0&quot;,&quot;copyright&quot;:&quot;&quot;,&quot;focal_length&quot;:&quot;0&quot;,&quot;iso&quot;:&quot;0&quot;,&quot;shutter_speed&quot;:&quot;0&quot;,&quot;title&quot;:&quot;&quot;,&quot;orientation&quot;:&quot;0&quot;}\" data-image-title=\"hm_3d\" data-image-description=\"\" data-image-caption=\"\" data-medium-file=\"https:\/\/i0.wp.com\/mlmedizinprodukte.de\/wp-content\/uploads\/2017\/01\/HM_3D.jpg?fit=274%2C141\" data-large-file=\"https:\/\/i0.wp.com\/mlmedizinprodukte.de\/wp-content\/uploads\/2017\/01\/HM_3D.jpg?fit=274%2C141\" decoding=\"async\" loading=\"lazy\" class=\"alignnone wp-image-132\" src=\"https:\/\/i0.wp.com\/mlmedizinprodukte.de\/wp-content\/uploads\/2017\/01\/HM_3D.jpg?resize=150%2C77\" alt=\"hm_3d\" height=\"77\" width=\"150\" srcset=\"https:\/\/i0.wp.com\/mlmedizinprodukte.de\/wp-content\/uploads\/2017\/01\/HM_3D.jpg?w=274 274w, https:\/\/i0.wp.com\/mlmedizinprodukte.de\/wp-content\/uploads\/2017\/01\/HM_3D.jpg?resize=272%2C141 272w\" sizes=\"(max-width: 150px) 100vw, 150px\" data-recalc-dims=\"1\" \/><br \/>\nhttps:\/\/www.hartmann.info\/de-DE<br \/>\n<\/a><br \/>\n<a href=\"http:\/\/www.medichema.com\/de\/start\/index.php?nav=start\"><img data-attachment-id=\"134\" data-permalink=\"http:\/\/mlmedizinprodukte.de\/?attachment_id=134\" data-orig-file=\"https:\/\/i0.wp.com\/mlmedizinprodukte.de\/wp-content\/uploads\/2017\/01\/Logo_medichema.jpg?fit=240%2C191\" data-orig-size=\"240,191\" data-comments-opened=\"0\" data-image-meta=\"{&quot;aperture&quot;:&quot;0&quot;,&quot;credit&quot;:&quot;&quot;,&quot;camera&quot;:&quot;&quot;,&quot;caption&quot;:&quot;&quot;,&quot;created_timestamp&quot;:&quot;0&quot;,&quot;copyright&quot;:&quot;&quot;,&quot;focal_length&quot;:&quot;0&quot;,&quot;iso&quot;:&quot;0&quot;,&quot;shutter_speed&quot;:&quot;0&quot;,&quot;title&quot;:&quot;&quot;,&quot;orientation&quot;:&quot;0&quot;}\" data-image-title=\"logo_medichema\" data-image-description=\"\" data-image-caption=\"\" data-medium-file=\"https:\/\/i0.wp.com\/mlmedizinprodukte.de\/wp-content\/uploads\/2017\/01\/Logo_medichema.jpg?fit=240%2C191\" data-large-file=\"https:\/\/i0.wp.com\/mlmedizinprodukte.de\/wp-content\/uploads\/2017\/01\/Logo_medichema.jpg?fit=240%2C191\" decoding=\"async\" loading=\"lazy\" class=\"alignnone wp-image-134\" src=\"https:\/\/i0.wp.com\/mlmedizinprodukte.de\/wp-content\/uploads\/2017\/01\/Logo_medichema.jpg?resize=150%2C119\" alt=\"logo_medichema\" height=\"119\" width=\"150\"  data-recalc-dims=\"1\"><\/a><br \/>\n<a href=\"http:\/\/www.medichema.com\/de\/start\/index.php?nav=start\">http:\/\/www.medichema.com\/de\/start\/index.php?nav=start<\/a><\/p>\n<p><a href=\"http:\/\/www.molnlycke.de\/\"><img data-attachment-id=\"136\" data-permalink=\"http:\/\/mlmedizinprodukte.de\/?attachment_id=136\" data-orig-file=\"https:\/\/i0.wp.com\/mlmedizinprodukte.de\/wp-content\/uploads\/2017\/01\/logo_moelnlycke.jpg?fit=240%2C72\" data-orig-size=\"240,72\" data-comments-opened=\"0\" data-image-meta=\"{&quot;aperture&quot;:&quot;0&quot;,&quot;credit&quot;:&quot;&quot;,&quot;camera&quot;:&quot;&quot;,&quot;caption&quot;:&quot;&quot;,&quot;created_timestamp&quot;:&quot;0&quot;,&quot;copyright&quot;:&quot;&quot;,&quot;focal_length&quot;:&quot;0&quot;,&quot;iso&quot;:&quot;0&quot;,&quot;shutter_speed&quot;:&quot;0&quot;,&quot;title&quot;:&quot;&quot;,&quot;orientation&quot;:&quot;0&quot;}\" data-image-title=\"logo_moelnlycke\" data-image-description=\"\" data-image-caption=\"\" data-medium-file=\"https:\/\/i0.wp.com\/mlmedizinprodukte.de\/wp-content\/uploads\/2017\/01\/logo_moelnlycke.jpg?fit=240%2C72\" data-large-file=\"https:\/\/i0.wp.com\/mlmedizinprodukte.de\/wp-content\/uploads\/2017\/01\/logo_moelnlycke.jpg?fit=240%2C72\" decoding=\"async\" loading=\"lazy\" class=\"alignnone wp-image-136\" src=\"https:\/\/i0.wp.com\/mlmedizinprodukte.de\/wp-content\/uploads\/2017\/01\/logo_moelnlycke.jpg?resize=150%2C45\" alt=\"logo_moelnlycke\" height=\"45\" width=\"150\"  data-recalc-dims=\"1\"><\/a><br \/>\n<a href=\"http:\/\/www.molnlycke.de\/\">http:\/\/www.molnlycke.de\/<br \/>\n<\/a><br \/>\n<a href=\"http:\/\/www.principelle-deutschland.de\/\"><img data-attachment-id=\"137\" data-permalink=\"http:\/\/mlmedizinprodukte.de\/?attachment_id=137\" data-orig-file=\"https:\/\/i0.wp.com\/mlmedizinprodukte.de\/wp-content\/uploads\/2017\/01\/Logo_Principelle.jpg?fit=240%2C72\" data-orig-size=\"240,72\" data-comments-opened=\"0\" data-image-meta=\"{&quot;aperture&quot;:&quot;0&quot;,&quot;credit&quot;:&quot;&quot;,&quot;camera&quot;:&quot;&quot;,&quot;caption&quot;:&quot;&quot;,&quot;created_timestamp&quot;:&quot;0&quot;,&quot;copyright&quot;:&quot;&quot;,&quot;focal_length&quot;:&quot;0&quot;,&quot;iso&quot;:&quot;0&quot;,&quot;shutter_speed&quot;:&quot;0&quot;,&quot;title&quot;:&quot;&quot;,&quot;orientation&quot;:&quot;0&quot;}\" data-image-title=\"logo_principelle\" data-image-description=\"\" data-image-caption=\"\" data-medium-file=\"https:\/\/i0.wp.com\/mlmedizinprodukte.de\/wp-content\/uploads\/2017\/01\/Logo_Principelle.jpg?fit=240%2C72\" data-large-file=\"https:\/\/i0.wp.com\/mlmedizinprodukte.de\/wp-content\/uploads\/2017\/01\/Logo_Principelle.jpg?fit=240%2C72\" decoding=\"async\" loading=\"lazy\" class=\"alignnone wp-image-137\" src=\"https:\/\/i0.wp.com\/mlmedizinprodukte.de\/wp-content\/uploads\/2017\/01\/Logo_Principelle.jpg?resize=150%2C45\" alt=\"logo_principelle\" height=\"45\" width=\"150\"  data-recalc-dims=\"1\"><br \/>\nhttp:\/\/www.principelle-deutschland.de\/<\/a><\/p>\n","protected":false},"excerpt":{"rendered":"<p>Hier finden Sie von uns zusammengetragene Links zu Webseiten zum Thema Epidermolysis Bullosa (Selbsthilfegruppen, Blogs, Netzwerke, Hersteller von Wundversorgungsprodukten usw.). Selbsthilfegruppen, Blogs, Netzwerke usw.: http:\/\/schmetterlingsleben.wixsite.com\/schmetterlingsleben Der Blog von Julia Cieplik http:\/\/www.achse-online.de\/ ACHSE e.V. &#8211; Allianz Chronischer Seltener Erkrankungen Netzwerk von Patientenorganisationen von Kindern und Erwachsenen Betroffenen mit (chronischen) Seltenen Erkrankungen&hellip;<\/p>\n<p class=\"more-link-wrapper\"><a class=\"more-link\" href=\"http:\/\/mlmedizinprodukte.de\/?page_id=24\">Continue<\/a><\/p>\n","protected":false},"author":1,"featured_media":0,"parent":0,"menu_order":0,"comment_status":"closed","ping_status":"closed","template":"","meta":{"ngg_post_thumbnail":0,"jetpack_post_was_ever_published":false},"jetpack_sharing_enabled":true,"jetpack_shortlink":"https:\/\/wp.me\/P8E3Ln-o","jetpack-related-posts":[{"id":83,"url":"http:\/\/mlmedizinprodukte.de\/?page_id=83","url_meta":{"origin":24,"position":0},"title":"Epidermolysis Bullosa","date":"6. M\u00e4rz 2017","format":false,"excerpt":"Die sehr seltene Erbkrankheit Epidermolysis Bullosa (EB) umfasst eine Reihe verschiedener Formen, die alle spezifische genetische Vererbungsmuster aufweisen. Das Wort EB l\u00e4sst sich vereinfacht ausdr\u00fccken: \"Genetisch bedingte Hauterkrankung, bei der minimale Traumata zu einer Blasenbildung der Haut\/Schleimhaut f\u00fchren k\u00f6nnen\" Umgangssprachlich ist hier die Rede von den Schmetterlingskindern, weil ihre Haut\u2026","rel":"","context":"\u00c4hnlicher Beitrag","img":{"alt_text":"","src":"","width":0,"height":0},"classes":[]},{"id":19,"url":"http:\/\/mlmedizinprodukte.de\/?page_id=19","url_meta":{"origin":24,"position":1},"title":"Wundversorgung","date":"4. Januar 2017","format":false,"excerpt":"Bei der Vielseitigkeit der Wundversorgung bei Patienten mit Epidermolysis bullosa kann man schnell den \u00dcberblick verlieren. Durch st\u00e4ndige Fortbildungen und die Zusammenarbeit mit Herstellern k\u00f6nnen wir Sie kompetent beraten und Ihnen zur Seite stehen. Hier finden Sie einige wichtige Tipps und Tricks in der Wundversorgung bei EB-Patienten. Zuschnitt- und Anwendungsbeispiele\u2026","rel":"","context":"\u00c4hnlicher Beitrag","img":{"alt_text":"","src":"","width":0,"height":0},"classes":[]},{"id":13,"url":"http:\/\/mlmedizinprodukte.de\/","url_meta":{"origin":24,"position":2},"title":"\u00dcber uns","date":"4. Januar 2017","format":false,"excerpt":"ml Medizinprodukte GmbH Epidermolysis Bullosa (EB) ist eine seltene, unheilbare dermatologische Erbkrankheit, bei der die mechanische Verbindung zwischen den unterschiedlichen Hautschichten unzureichend ausgebildet ist. Schmetterlingskinder nennt man die Betroffenen, denn ihre Haut ist so zart und verletzlich wie ein Schmetterlingsfl\u00fcgel. Bundesweit sind wir spezieller Ansprechpartner f\u00fcr EB-Betroffene und deren Familien.\u2026","rel":"","context":"\u00c4hnlicher Beitrag","img":{"alt_text":"","src":"https:\/\/i0.wp.com\/mlmedizinprodukte.de\/wp-content\/uploads\/2017\/01\/ml_Team.jpg?resize=350%2C200","width":350,"height":200},"classes":[]},{"id":15,"url":"http:\/\/mlmedizinprodukte.de\/?page_id=15","url_meta":{"origin":24,"position":3},"title":"Leistungen\/Ziele","date":"4. Januar 2017","format":false,"excerpt":"Bundesweit sind wir spezieller Ansprechpartner f\u00fcr EB Betroffene und deren Familien. Wir bieten Ihnen: Pers\u00f6nliche Unterst\u00fctzung bei Antr\u00e4gen, Beratung bei der Wundversorgung und Ern\u00e4hrung Unterst\u00fctzende Aufkl\u00e4rung im Umfeld: Kindergarten, Schule, Ausbildung Aufbau eines ortsnahen Netzwerkes f\u00fcr die medizinische Versorgung Informationen und Kenntnisse \u00fcber die aktive Hilfe, sowie das Wissen um\u2026","rel":"","context":"\u00c4hnlicher Beitrag","img":{"alt_text":"","src":"","width":0,"height":0},"classes":[]},{"id":96,"url":"http:\/\/mlmedizinprodukte.de\/?page_id=96","url_meta":{"origin":24,"position":4},"title":"Datenschutzerkl\u00e4rung","date":"6. M\u00e4rz 2017","format":false,"excerpt":"Datenschutzerkl\u00e4rung der ml Medizinprodukte GmbH 1.\u00a0Datenerhebung und Verwendung personenbezogener Daten Die Nutzung unserer Webseite ist in der Regel ohne Angabe personenbezogener Daten m\u00f6glich. Soweit auf unseren Seiten personenbezogene Daten (beispielsweise Name, Anschrift oder E-Mail-Adressen) erhoben werden, erfolgt dies, soweit m\u00f6glich, stets auf freiwilliger Basis. Diese Daten werden ohne Ihre ausdr\u00fcckliche\u2026","rel":"","context":"\u00c4hnlicher Beitrag","img":{"alt_text":"","src":"","width":0,"height":0},"classes":[]},{"id":90,"url":"http:\/\/mlmedizinprodukte.de\/?page_id=90","url_meta":{"origin":24,"position":5},"title":"AGB","date":"6. M\u00e4rz 2017","format":false,"excerpt":"Allgemeine Gesch\u00e4ftsbedingungen der ml Medizinprodukte GmbH I. Geltungsbereich Die Lieferungen, Leistungen und Angebote der ml Medizinprodukte GmbH (im folgenden als Auftragnehmer bezeichnet) erfolgen ausschlie\u00dflich aufgrund dieser Gesch\u00e4ftsbedingungen. Diese gelten auch f\u00fcr alle zuk\u00fcnftigen Gesch\u00e4ftsbeziehungen, auch wenn sie nicht nochmals ausdr\u00fccklich vereinbart werden. Abweichende Regelungen bed\u00fcrfen der Schriftform. II. Angebote, Vertragsabschluss,\u2026","rel":"","context":"\u00c4hnlicher Beitrag","img":{"alt_text":"","src":"","width":0,"height":0},"classes":[]}],"_links":{"self":[{"href":"http:\/\/mlmedizinprodukte.de\/index.php?rest_route=\/wp\/v2\/pages\/24"}],"collection":[{"href":"http:\/\/mlmedizinprodukte.de\/index.php?rest_route=\/wp\/v2\/pages"}],"about":[{"href":"http:\/\/mlmedizinprodukte.de\/index.php?rest_route=\/wp\/v2\/types\/page"}],"author":[{"embeddable":true,"href":"http:\/\/mlmedizinprodukte.de\/index.php?rest_route=\/wp\/v2\/users\/1"}],"replies":[{"embeddable":true,"href":"http:\/\/mlmedizinprodukte.de\/index.php?rest_route=%2Fwp%2Fv2%2Fcomments&post=24"}],"version-history":[{"count":19,"href":"http:\/\/mlmedizinprodukte.de\/index.php?rest_route=\/wp\/v2\/pages\/24\/revisions"}],"predecessor-version":[{"id":186,"href":"http:\/\/mlmedizinprodukte.de\/index.php?rest_route=\/wp\/v2\/pages\/24\/revisions\/186"}],"wp:attachment":[{"href":"http:\/\/mlmedizinprodukte.de\/index.php?rest_route=%2Fwp%2Fv2%2Fmedia&parent=24"}],"curies":[{"name":"wp","href":"https:\/\/api.w.org\/{rel}","templated":true}]}}