{"id":22,"date":"2017-01-04T14:21:15","date_gmt":"2017-01-04T13:21:15","guid":{"rendered":"http:\/\/mlmedizinprodukte.de\/?page_id=22"},"modified":"2019-02-08T14:20:05","modified_gmt":"2019-02-08T13:20:05","slug":"events","status":"publish","type":"page","link":"http:\/\/mlmedizinprodukte.de\/?page_id=22","title":{"rendered":"Events"},"content":{"rendered":"<p>In regelm\u00e4\u00dfigen Abst\u00e4nden veranstalten wir EB-Treffen. Hier k\u00f6nnen sich Betroffenene und deren Familien kennenlernen, austauschen und auch Freundschaften schlie\u00dfen.<\/p>\n<p><strong>Familientreffen Willingen 2018<\/strong><\/p>\n<p><a href=\"http:\/\/mlmedizinprodukte.de\/wp-content\/uploads\/2019\/02\/Willingen-2018-Fotobuch.pdf\" target=\"_blank\" rel=\"noopener noreferrer\">Laden sie sich hier unser Fotobuch herunter<\/a>&nbsp;(pdf)<\/p>\n<p><a href=\"http:\/\/mlmedizinprodukte.de\/wp-content\/uploads\/2019\/02\/Willingen-2018-Fotobuch.pdf\" target=\"_blank\" rel=\"noopener noreferrer\"><img data-attachment-id=\"190\" data-permalink=\"http:\/\/mlmedizinprodukte.de\/?attachment_id=190\" data-orig-file=\"https:\/\/i0.wp.com\/mlmedizinprodukte.de\/wp-content\/uploads\/2017\/01\/jehafu.han-solo.jpg?fit=240%2C240\" data-orig-size=\"240,240\" data-comments-opened=\"0\" data-image-meta=\"{&quot;aperture&quot;:&quot;0&quot;,&quot;credit&quot;:&quot;&quot;,&quot;camera&quot;:&quot;&quot;,&quot;caption&quot;:&quot;&quot;,&quot;created_timestamp&quot;:&quot;0&quot;,&quot;copyright&quot;:&quot;&quot;,&quot;focal_length&quot;:&quot;0&quot;,&quot;iso&quot;:&quot;0&quot;,&quot;shutter_speed&quot;:&quot;0&quot;,&quot;title&quot;:&quot;&quot;,&quot;orientation&quot;:&quot;1&quot;}\" data-image-title=\"jehafu.han-solo\" data-image-description=\"\" data-image-caption=\"\" data-medium-file=\"https:\/\/i0.wp.com\/mlmedizinprodukte.de\/wp-content\/uploads\/2017\/01\/jehafu.han-solo.jpg?fit=240%2C240\" data-large-file=\"https:\/\/i0.wp.com\/mlmedizinprodukte.de\/wp-content\/uploads\/2017\/01\/jehafu.han-solo.jpg?fit=240%2C240\" decoding=\"async\" loading=\"lazy\" style=\"border:1px solid #888; padding:5px;\" class=\"alignnone size-full wp-image-190\" src=\"https:\/\/i0.wp.com\/mlmedizinprodukte.de\/wp-content\/uploads\/2017\/01\/jehafu.han-solo.jpg?resize=240%2C240\" alt=\"\" width=\"240\" height=\"240\" srcset=\"https:\/\/i0.wp.com\/mlmedizinprodukte.de\/wp-content\/uploads\/2017\/01\/jehafu.han-solo.jpg?w=240 240w, https:\/\/i0.wp.com\/mlmedizinprodukte.de\/wp-content\/uploads\/2017\/01\/jehafu.han-solo.jpg?resize=150%2C150 150w\" sizes=\"(max-width: 240px) 100vw, 240px\" data-recalc-dims=\"1\" \/><\/a><\/p>\n<hr>\n<p><strong>Treffen in Willingen 2016<\/strong><\/p>\n<p><!-- index.php -->\n<div\n\tclass=\"ngg-galleryoverview ngg-ajax-pagination-none\"\n\tid=\"ngg-gallery-75-1\">\n\n    \t\t<!-- Thumbnails -->\n\t\t\t\t<div id=\"ngg-image-0\" class=\"ngg-gallery-thumbnail-box\" >\n\t\t\t\t        <div class=\"ngg-gallery-thumbnail\">\n            <a href=\"http:\/\/mlmedizinprodukte.de\/wp-content\/gallery\/event_willingen\/Willingen_2016_1.jpg\"\n               title=\"\"\n               data-src=\"http:\/\/mlmedizinprodukte.de\/wp-content\/gallery\/event_willingen\/Willingen_2016_1.jpg\"\n               data-thumbnail=\"http:\/\/mlmedizinprodukte.de\/wp-content\/gallery\/event_willingen\/thumbs\/thumbs_Willingen_2016_1.jpg\"\n               data-image-id=\"6\"\n               data-title=\"Treffen in Willingen\"\n               data-description=\"\"\n               data-image-slug=\"willingen_2016_1\"\n               class=\"ngg-fancybox\" rel=\"75\">\n                <img\n                    title=\"Treffen in Willingen\"\n                    alt=\"Treffen in Willingen\"\n                    src=\"http:\/\/mlmedizinprodukte.de\/wp-content\/gallery\/event_willingen\/thumbs\/thumbs_Willingen_2016_1.jpg\"\n                    width=\"240\"\n                    height=\"240\"\n                    style=\"max-width:100%;\"\n                \/>\n            <\/a>\n        <\/div>\n\t\t\t\t\t\t\t<\/div> \n\t\t\t\n        \n\t\t\t\t<div id=\"ngg-image-1\" class=\"ngg-gallery-thumbnail-box\" >\n\t\t\t\t        <div class=\"ngg-gallery-thumbnail\">\n            <a href=\"http:\/\/mlmedizinprodukte.de\/wp-content\/gallery\/event_willingen\/Willingen_2016_3.jpg\"\n               title=\"\"\n               data-src=\"http:\/\/mlmedizinprodukte.de\/wp-content\/gallery\/event_willingen\/Willingen_2016_3.jpg\"\n               data-thumbnail=\"http:\/\/mlmedizinprodukte.de\/wp-content\/gallery\/event_willingen\/thumbs\/thumbs_Willingen_2016_3.jpg\"\n               data-image-id=\"8\"\n               data-title=\"Treffen in Willingen\"\n               data-description=\"\"\n               data-image-slug=\"willingen_2016_3\"\n               class=\"ngg-fancybox\" rel=\"75\">\n                <img\n                    title=\"Treffen in Willingen\"\n                    alt=\"Treffen in Willingen\"\n                    src=\"http:\/\/mlmedizinprodukte.de\/wp-content\/gallery\/event_willingen\/thumbs\/thumbs_Willingen_2016_3.jpg\"\n                    width=\"240\"\n                    height=\"240\"\n                    style=\"max-width:100%;\"\n                \/>\n            <\/a>\n        <\/div>\n\t\t\t\t\t\t\t<\/div> \n\t\t\t\n        \n\t\t\t\t<div id=\"ngg-image-2\" class=\"ngg-gallery-thumbnail-box\" >\n\t\t\t\t        <div class=\"ngg-gallery-thumbnail\">\n            <a href=\"http:\/\/mlmedizinprodukte.de\/wp-content\/gallery\/event_willingen\/Willingen_2016_4.jpg\"\n               title=\"\"\n               data-src=\"http:\/\/mlmedizinprodukte.de\/wp-content\/gallery\/event_willingen\/Willingen_2016_4.jpg\"\n               data-thumbnail=\"http:\/\/mlmedizinprodukte.de\/wp-content\/gallery\/event_willingen\/thumbs\/thumbs_Willingen_2016_4.jpg\"\n               data-image-id=\"9\"\n               data-title=\"Treffen in Willingen\"\n               data-description=\"\"\n               data-image-slug=\"willingen_2016_4\"\n               class=\"ngg-fancybox\" rel=\"75\">\n                <img\n                    title=\"Treffen in Willingen\"\n                    alt=\"Treffen in Willingen\"\n                    src=\"http:\/\/mlmedizinprodukte.de\/wp-content\/gallery\/event_willingen\/thumbs\/thumbs_Willingen_2016_4.jpg\"\n                    width=\"240\"\n                    height=\"240\"\n                    style=\"max-width:100%;\"\n                \/>\n            <\/a>\n        <\/div>\n\t\t\t\t\t\t\t<\/div> \n\t\t\t\n        \n\t\t\t\t<div id=\"ngg-image-3\" class=\"ngg-gallery-thumbnail-box\" >\n\t\t\t\t        <div class=\"ngg-gallery-thumbnail\">\n            <a href=\"http:\/\/mlmedizinprodukte.de\/wp-content\/gallery\/event_willingen\/Willingen_2016_2.jpg\"\n               title=\"\"\n               data-src=\"http:\/\/mlmedizinprodukte.de\/wp-content\/gallery\/event_willingen\/Willingen_2016_2.jpg\"\n               data-thumbnail=\"http:\/\/mlmedizinprodukte.de\/wp-content\/gallery\/event_willingen\/thumbs\/thumbs_Willingen_2016_2.jpg\"\n               data-image-id=\"7\"\n               data-title=\"Treffen in Willingen\"\n               data-description=\"\"\n               data-image-slug=\"willingen_2016_2\"\n               class=\"ngg-fancybox\" rel=\"75\">\n                <img\n                    title=\"Treffen in Willingen\"\n                    alt=\"Treffen in Willingen\"\n                    src=\"http:\/\/mlmedizinprodukte.de\/wp-content\/gallery\/event_willingen\/thumbs\/thumbs_Willingen_2016_2.jpg\"\n                    width=\"240\"\n                    height=\"240\"\n                    style=\"max-width:100%;\"\n                \/>\n            <\/a>\n        <\/div>\n\t\t\t\t\t\t\t<\/div> \n\t\t\t\n        \n\t\t\n\t\t<!-- Pagination -->\n\t<div class='ngg-clear'><\/div>\t<\/div>\n<\/p>\n<hr>\n<p><strong>Treffen in Horarth 2012<\/strong><\/p>\n<p><!-- index.php -->\n<div\n\tclass=\"ngg-galleryoverview ngg-ajax-pagination-none\"\n\tid=\"ngg-gallery-115-1\">\n\n    \t\t<!-- Thumbnails -->\n\t\t\t\t<div id=\"ngg-image-0\" class=\"ngg-gallery-thumbnail-box\" >\n\t\t\t\t        <div class=\"ngg-gallery-thumbnail\">\n            <a href=\"http:\/\/mlmedizinprodukte.de\/wp-content\/gallery\/horarth\/Horarth_2012_01.jpg\"\n               title=\"\"\n               data-src=\"http:\/\/mlmedizinprodukte.de\/wp-content\/gallery\/horarth\/Horarth_2012_01.jpg\"\n               data-thumbnail=\"http:\/\/mlmedizinprodukte.de\/wp-content\/gallery\/horarth\/thumbs\/thumbs_Horarth_2012_01.jpg\"\n               data-image-id=\"10\"\n               data-title=\"Treffen in Horarth 2012\"\n               data-description=\"\"\n               data-image-slug=\"horarth_2012_01\"\n               class=\"ngg-fancybox\" rel=\"115\">\n                <img\n                    title=\"Treffen in Horarth 2012\"\n                    alt=\"Treffen in Horarth 2012\"\n                    src=\"http:\/\/mlmedizinprodukte.de\/wp-content\/gallery\/horarth\/thumbs\/thumbs_Horarth_2012_01.jpg\"\n                    width=\"240\"\n                    height=\"240\"\n                    style=\"max-width:100%;\"\n                \/>\n            <\/a>\n        <\/div>\n\t\t\t\t\t\t\t<\/div> \n\t\t\t\n        \n\t\t\t\t<div id=\"ngg-image-1\" class=\"ngg-gallery-thumbnail-box\" >\n\t\t\t\t        <div class=\"ngg-gallery-thumbnail\">\n            <a href=\"http:\/\/mlmedizinprodukte.de\/wp-content\/gallery\/horarth\/Horarth_2012_02.jpg\"\n               title=\"\"\n               data-src=\"http:\/\/mlmedizinprodukte.de\/wp-content\/gallery\/horarth\/Horarth_2012_02.jpg\"\n               data-thumbnail=\"http:\/\/mlmedizinprodukte.de\/wp-content\/gallery\/horarth\/thumbs\/thumbs_Horarth_2012_02.jpg\"\n               data-image-id=\"11\"\n               data-title=\"Treffen in Horarth 2012\"\n               data-description=\"\"\n               data-image-slug=\"horarth_2012_02\"\n               class=\"ngg-fancybox\" rel=\"115\">\n                <img\n                    title=\"Treffen in Horarth 2012\"\n                    alt=\"Treffen in Horarth 2012\"\n                    src=\"http:\/\/mlmedizinprodukte.de\/wp-content\/gallery\/horarth\/thumbs\/thumbs_Horarth_2012_02.jpg\"\n                    width=\"240\"\n                    height=\"240\"\n                    style=\"max-width:100%;\"\n                \/>\n            <\/a>\n        <\/div>\n\t\t\t\t\t\t\t<\/div> \n\t\t\t\n        \n\t\t\n\t\t<!-- Pagination -->\n\t<div class='ngg-clear'><\/div>\t<\/div>\n<\/p>\n","protected":false},"excerpt":{"rendered":"<p>In regelm\u00e4\u00dfigen Abst\u00e4nden veranstalten wir EB-Treffen. Hier k\u00f6nnen sich Betroffenene und deren Familien kennenlernen, austauschen und auch Freundschaften schlie\u00dfen. Familientreffen Willingen 2018 Laden sie sich hier unser Fotobuch herunter&nbsp;(pdf) Treffen in Willingen 2016 Treffen in Horarth 2012<\/p>\n","protected":false},"author":1,"featured_media":0,"parent":0,"menu_order":0,"comment_status":"closed","ping_status":"closed","template":"","meta":{"ngg_post_thumbnail":0,"jetpack_post_was_ever_published":false},"jetpack_sharing_enabled":true,"jetpack_shortlink":"https:\/\/wp.me\/P8E3Ln-m","jetpack-related-posts":[{"id":15,"url":"http:\/\/mlmedizinprodukte.de\/?page_id=15","url_meta":{"origin":22,"position":0},"title":"Leistungen\/Ziele","date":"4. Januar 2017","format":false,"excerpt":"Bundesweit sind wir spezieller Ansprechpartner f\u00fcr EB Betroffene und deren Familien. Wir bieten Ihnen: Pers\u00f6nliche Unterst\u00fctzung bei Antr\u00e4gen, Beratung bei der Wundversorgung und Ern\u00e4hrung Unterst\u00fctzende Aufkl\u00e4rung im Umfeld: Kindergarten, Schule, Ausbildung Aufbau eines ortsnahen Netzwerkes f\u00fcr die medizinische Versorgung Informationen und Kenntnisse \u00fcber die aktive Hilfe, sowie das Wissen um\u2026","rel":"","context":"\u00c4hnlicher Beitrag","img":{"alt_text":"","src":"","width":0,"height":0},"classes":[]},{"id":83,"url":"http:\/\/mlmedizinprodukte.de\/?page_id=83","url_meta":{"origin":22,"position":1},"title":"Epidermolysis Bullosa","date":"6. M\u00e4rz 2017","format":false,"excerpt":"Die sehr seltene Erbkrankheit Epidermolysis Bullosa (EB) umfasst eine Reihe verschiedener Formen, die alle spezifische genetische Vererbungsmuster aufweisen. Das Wort EB l\u00e4sst sich vereinfacht ausdr\u00fccken: \"Genetisch bedingte Hauterkrankung, bei der minimale Traumata zu einer Blasenbildung der Haut\/Schleimhaut f\u00fchren k\u00f6nnen\" Umgangssprachlich ist hier die Rede von den Schmetterlingskindern, weil ihre Haut\u2026","rel":"","context":"\u00c4hnlicher Beitrag","img":{"alt_text":"","src":"","width":0,"height":0},"classes":[]},{"id":19,"url":"http:\/\/mlmedizinprodukte.de\/?page_id=19","url_meta":{"origin":22,"position":2},"title":"Wundversorgung","date":"4. Januar 2017","format":false,"excerpt":"Bei der Vielseitigkeit der Wundversorgung bei Patienten mit Epidermolysis bullosa kann man schnell den \u00dcberblick verlieren. Durch st\u00e4ndige Fortbildungen und die Zusammenarbeit mit Herstellern k\u00f6nnen wir Sie kompetent beraten und Ihnen zur Seite stehen. Hier finden Sie einige wichtige Tipps und Tricks in der Wundversorgung bei EB-Patienten. Zuschnitt- und Anwendungsbeispiele\u2026","rel":"","context":"\u00c4hnlicher Beitrag","img":{"alt_text":"","src":"","width":0,"height":0},"classes":[]},{"id":96,"url":"http:\/\/mlmedizinprodukte.de\/?page_id=96","url_meta":{"origin":22,"position":3},"title":"Datenschutzerkl\u00e4rung","date":"6. M\u00e4rz 2017","format":false,"excerpt":"Datenschutzerkl\u00e4rung der ml Medizinprodukte GmbH 1.\u00a0Datenerhebung und Verwendung personenbezogener Daten Die Nutzung unserer Webseite ist in der Regel ohne Angabe personenbezogener Daten m\u00f6glich. Soweit auf unseren Seiten personenbezogene Daten (beispielsweise Name, Anschrift oder E-Mail-Adressen) erhoben werden, erfolgt dies, soweit m\u00f6glich, stets auf freiwilliger Basis. Diese Daten werden ohne Ihre ausdr\u00fcckliche\u2026","rel":"","context":"\u00c4hnlicher Beitrag","img":{"alt_text":"","src":"","width":0,"height":0},"classes":[]},{"id":24,"url":"http:\/\/mlmedizinprodukte.de\/?page_id=24","url_meta":{"origin":22,"position":4},"title":"Links","date":"4. Januar 2017","format":false,"excerpt":"Hier finden Sie von uns zusammengetragene Links zu Webseiten zum Thema Epidermolysis Bullosa (Selbsthilfegruppen, Blogs, Netzwerke, Hersteller von Wundversorgungsprodukten usw.). Selbsthilfegruppen, Blogs, Netzwerke usw.: http:\/\/schmetterlingsleben.wixsite.com\/schmetterlingsleben Der Blog von Julia Cieplik http:\/\/www.achse-online.de\/ ACHSE e.V. - Allianz Chronischer Seltener Erkrankungen Netzwerk von Patientenorganisationen von Kindern und Erwachsenen Betroffenen mit (chronischen) Seltenen Erkrankungen\u2026","rel":"","context":"\u00c4hnlicher Beitrag","img":{"alt_text":"","src":"","width":0,"height":0},"classes":[]},{"id":90,"url":"http:\/\/mlmedizinprodukte.de\/?page_id=90","url_meta":{"origin":22,"position":5},"title":"AGB","date":"6. M\u00e4rz 2017","format":false,"excerpt":"Allgemeine Gesch\u00e4ftsbedingungen der ml Medizinprodukte GmbH I. Geltungsbereich Die Lieferungen, Leistungen und Angebote der ml Medizinprodukte GmbH (im folgenden als Auftragnehmer bezeichnet) erfolgen ausschlie\u00dflich aufgrund dieser Gesch\u00e4ftsbedingungen. Diese gelten auch f\u00fcr alle zuk\u00fcnftigen Gesch\u00e4ftsbeziehungen, auch wenn sie nicht nochmals ausdr\u00fccklich vereinbart werden. Abweichende Regelungen bed\u00fcrfen der Schriftform. II. Angebote, Vertragsabschluss,\u2026","rel":"","context":"\u00c4hnlicher Beitrag","img":{"alt_text":"","src":"","width":0,"height":0},"classes":[]}],"_links":{"self":[{"href":"http:\/\/mlmedizinprodukte.de\/index.php?rest_route=\/wp\/v2\/pages\/22"}],"collection":[{"href":"http:\/\/mlmedizinprodukte.de\/index.php?rest_route=\/wp\/v2\/pages"}],"about":[{"href":"http:\/\/mlmedizinprodukte.de\/index.php?rest_route=\/wp\/v2\/types\/page"}],"author":[{"embeddable":true,"href":"http:\/\/mlmedizinprodukte.de\/index.php?rest_route=\/wp\/v2\/users\/1"}],"replies":[{"embeddable":true,"href":"http:\/\/mlmedizinprodukte.de\/index.php?rest_route=%2Fwp%2Fv2%2Fcomments&post=22"}],"version-history":[{"count":11,"href":"http:\/\/mlmedizinprodukte.de\/index.php?rest_route=\/wp\/v2\/pages\/22\/revisions"}],"predecessor-version":[{"id":193,"href":"http:\/\/mlmedizinprodukte.de\/index.php?rest_route=\/wp\/v2\/pages\/22\/revisions\/193"}],"wp:attachment":[{"href":"http:\/\/mlmedizinprodukte.de\/index.php?rest_route=%2Fwp%2Fv2%2Fmedia&parent=22"}],"curies":[{"name":"wp","href":"https:\/\/api.w.org\/{rel}","templated":true}]}}